{"id":21057,"date":"2023-06-08T11:27:58","date_gmt":"2023-06-08T09:27:58","guid":{"rendered":"https:\/\/artree.fr\/jonone\/"},"modified":"2024-01-31T08:56:28","modified_gmt":"2024-01-31T07:56:28","slug":"jonone","status":"publish","type":"page","link":"https:\/\/artree.fr\/en\/jonone\/","title":{"rendered":"JonOne"},"content":{"rendered":"<div class=\"wpb-content-wrapper\">[vc_row][vc_column][vc_column_text]\n<h2 style=\"text-align: center;\">BIOGRAPHY<\/h2>\n<p>&nbsp;<\/p>\n<p>JonOne, whose real name is John Andrew Perello, is also known by the pseudonym Jon156. He is an American graffiti artist and painter, born in 1963 in New York. He is of Dominican origin. John Perello was born in the Harlem district of New York in 1963. It was in this neighbourhood that Jon discovered street art and began by tagging his name on the city&#8217;s walls. He was one of the founders of the 156 All Starz crew in 1984, which marked the start of his career.<\/p>\n[read_more id=&#8221;3&#8243; more=&#8221;Read more&#8221; less=&#8221;Read less&#8221;]\n<p>The train tag begins for them. He frequented the emblematic Studio 54, where Jon rubbed shoulders with Jean Michel Basquiat and Andy Warhol. He met the artist Bando, who was living in New York at the time. He also met Rockin&#8217; Squat at Danceteria, a famous nightclub of the time. The French rapper invited Jonone to come to Paris. Jonone saved up his money and came in 1987. He started graffitiing with him, Boxer and the BBC Crew. There he rubbed shoulders with the group, Assassin, NTM and the rap world of the time.<\/p>\n<p>In the 90s, he was part of l&#8217;h\u00f4pital \u00e9ph\u00e9m\u00e8re with A-One, Sharp, Victor Ash and Skki. It was there that he began painting on canvas. His canvases at the time were much sought-after by collectors.<\/p>\n<p>His graffiti paintings leave no room for emptiness and are folded by style (punishment).<\/p>\n<p>Jonone has become a key artist in contemporary art. His work is exhibited in several Parisian galleries, including Speerstra and Agn\u00e8s B, as well as internationally. His works are part of several collections. He has worked with major brands such as Air France, Lacoste, Guerlain etc&#8230;.<\/p>\n[\/read_more][\/vc_column_text][\/vc_column][\/vc_row][vc_row][vc_column][vc_video link=&#8221;https:\/\/www.youtube.com\/watch?v=mYguYH1yV9I&amp;t=5s&#8221; el_width=&#8221;80&#8243; align=&#8221;center&#8221; css_animation=&#8221;zoomIn&#8221; title=&#8221;JONONE 156 Portrait&#8221;][\/vc_column][\/vc_row][vc_row][vc_column]<div class=\"woocommerce columns-3 \"><div class=\"shop-products products grid-view sidebar\">\t\n<div class=\"group\">\n<div class=\" item-col col-xs-12 col-full-hd col-sm-4 product type-product post-21041 status-publish first instock product_cat-print product_cat-urban-art product_tag-street-art-en has-post-thumbnail sold-individually purchasable product-type-simple\">\n\t<div class=\"product-wrapper\">\n\t\t\n\t\t<div class=\"list-col4 \"> \n\t\t\t<div class=\"product-image\">\n\t\t\t\t\t\t\t\t<a href=\"https:\/\/artree.fr\/en\/produit\/jonone-baskets-customisees-2015\/\" class=\"woocommerce-LoopProduct-link woocommerce-loop-product__link\">\t\t\t\t\t<img loading=\"lazy\" decoding=\"async\" width=\"800\" height=\"600\" src=\"https:\/\/artree.fr\/wp-content\/uploads\/2023\/06\/JonOne-Baskets-Bensimon-Agnes-A-Fireworks-2015-Face-A-graffiti-Taguer-ARt-Urbain-ARtree-1.jpg\" class=\"primary_image\" alt=\"JonOne-Baskets-Bensimon-Agnes-A-Fireworks-2015-Face-A-graffiti-Taguer-ARt-Urbain-ARtree\" srcset=\"https:\/\/artree.fr\/wp-content\/uploads\/2023\/06\/JonOne-Baskets-Bensimon-Agnes-A-Fireworks-2015-Face-A-graffiti-Taguer-ARt-Urbain-ARtree-1.jpg 800w, https:\/\/artree.fr\/wp-content\/uploads\/2023\/06\/JonOne-Baskets-Bensimon-Agnes-A-Fireworks-2015-Face-A-graffiti-Taguer-ARt-Urbain-ARtree-1-400x300.jpg 400w, https:\/\/artree.fr\/wp-content\/uploads\/2023\/06\/JonOne-Baskets-Bensimon-Agnes-A-Fireworks-2015-Face-A-graffiti-Taguer-ARt-Urbain-ARtree-1-300x225.jpg 300w, https:\/\/artree.fr\/wp-content\/uploads\/2023\/06\/JonOne-Baskets-Bensimon-Agnes-A-Fireworks-2015-Face-A-graffiti-Taguer-ARt-Urbain-ARtree-1-768x576.jpg 768w, https:\/\/artree.fr\/wp-content\/uploads\/2023\/06\/JonOne-Baskets-Bensimon-Agnes-A-Fireworks-2015-Face-A-graffiti-Taguer-ARt-Urbain-ARtree-1-205x154.jpg 205w\" sizes=\"auto, (max-width: 800px) 100vw, 800px\" \/>\t\t\t\t\t<span class=\"shadow\"><\/span>\n\t\t\t\t<\/a> \n\t\t\t\t\t\t\t\t\t<div class=\"quickview-inner\">\n\t\t\t\t\t\t<div class=\"quickviewbtn\">\n\t\t\t\t\t\t\t<a class=\"detail-link quickview\" data-quick-id=\"21041\" href=\"https:\/\/artree.fr\/en\/produit\/jonone-baskets-customisees-2015\/\" title=\"JonOne &#8211; Baskets Customis\u00e9es &#8211; 2015\">QUICK VIEW<\/a>\n\t\t\t\t\t\t<\/div>\n\t\t\t\t\t<\/div>\n\t\t\t\t  \n\t\t\t\t<div class=\"box-hover2\">\n\t\t\t\t\t<div class=\"box-hover-inner\">\n\t\t\t\t\t\t<h2 class=\"product-name\">\n\t\t\t\t\t\t\t<a href=\"https:\/\/artree.fr\/en\/produit\/jonone-baskets-customisees-2015\/\">JonOne &#8211; Baskets Customis\u00e9es &#8211; 2015<\/a>\n\t\t\t\t\t\t<\/h2>  \n\t\t\t\t\t\t<div class=\"price-box\"><span class=\"special-price\"><span class=\"woocommerce-Price-amount amount\"><bdi>1 750,00<span class=\"woocommerce-Price-currencySymbol\">&euro;<\/span><\/bdi><\/span><\/span><\/div>  \n\t\t\t\t\t\t<div class=\"add-to-cart\">\n\t\t\t\t\t\t\t<p class=\"product woocommerce add_to_cart_inline \" style=\"border:4px solid #ccc; padding: 12px;\"><span class=\"special-price\"><span class=\"woocommerce-Price-amount amount\"><bdi>1 750,00<span class=\"woocommerce-Price-currencySymbol\">&euro;<\/span><\/bdi><\/span><\/span><a href=\"\/en\/wp-json\/wp\/v2\/pages\/21057?add-to-cart=21041\" aria-describedby=\"woocommerce_loop_add_to_cart_link_describedby_21041\" data-quantity=\"1\" class=\"button product_type_simple add_to_cart_button ajax_add_to_cart\" data-product_id=\"21041\" data-product_sku=\"\" aria-label=\"Add to cart: &ldquo;JonOne - Baskets Customis\u00e9es - 2015&rdquo;\" rel=\"nofollow\" data-success_message=\"&ldquo;JonOne - Baskets Customis\u00e9es - 2015&rdquo; has been added to your cart\">Add to cart<\/a>\t<span id=\"woocommerce_loop_add_to_cart_link_describedby_21041\" class=\"screen-reader-text\">\n\t\t\t<\/span>\n<\/p>\t\t\t\t\t\t<\/div>  \n\t\t\t\t\t<\/div>\n\t\t\t\t<\/div>\n\t\t\t<\/div>\n\t\t<\/div>\n\t\t<div class=\"list-col8\">\n\t\t\t<div class=\"gridview\"> \n\t\t\t\t<h2 class=\"product-name\">\n\t\t\t\t\t<a href=\"https:\/\/artree.fr\/en\/produit\/jonone-baskets-customisees-2015\/\">JonOne &#8211; Baskets Customis\u00e9es &#8211; 2015<\/a>\n\t\t\t\t<\/h2>  \n\t\t\t\t\t\t\t\t<div class=\"price-box\"><span class=\"special-price\"><span class=\"woocommerce-Price-amount amount\"><bdi>1 750,00<span class=\"woocommerce-Price-currencySymbol\">&euro;<\/span><\/bdi><\/span><\/span><\/div>  \n\t\t\t\t<div class=\"box-hover\">\n\t\t\t\t\t<h2 class=\"product-name\">\n\t\t\t\t\t\t<a href=\"https:\/\/artree.fr\/en\/produit\/jonone-baskets-customisees-2015\/\">JonOne &#8211; Baskets Customis\u00e9es &#8211; 2015<\/a>\n\t\t\t\t\t<\/h2>  \n\t\t\t\t\t<div class=\"add-to-cart\">\n\t\t\t\t\t\t<p class=\"product woocommerce add_to_cart_inline \" style=\"border:4px solid #ccc; padding: 12px;\"><span class=\"special-price\"><span class=\"woocommerce-Price-amount amount\"><bdi>1 750,00<span class=\"woocommerce-Price-currencySymbol\">&euro;<\/span><\/bdi><\/span><\/span><a href=\"\/en\/wp-json\/wp\/v2\/pages\/21057?add-to-cart=21041\" aria-describedby=\"woocommerce_loop_add_to_cart_link_describedby_21041\" data-quantity=\"1\" class=\"button product_type_simple add_to_cart_button ajax_add_to_cart\" data-product_id=\"21041\" data-product_sku=\"\" aria-label=\"Add to cart: &ldquo;JonOne - Baskets Customis\u00e9es - 2015&rdquo;\" rel=\"nofollow\" data-success_message=\"&ldquo;JonOne - Baskets Customis\u00e9es - 2015&rdquo; has been added to your cart\">Add to cart<\/a>\t<span id=\"woocommerce_loop_add_to_cart_link_describedby_21041\" class=\"screen-reader-text\">\n\t\t\t<\/span>\n<\/p>\t\t\t\t\t<\/div>  \n\t\t\t\t<\/div>\n\t\t\t<\/div>\n\t\t\t<div class=\"listview\"> \n\t\t\t\t<h2 class=\"product-name\">\n\t\t\t\t\t<a href=\"https:\/\/artree.fr\/en\/produit\/jonone-baskets-customisees-2015\/\">JonOne &#8211; Baskets Customis\u00e9es &#8211; 2015<\/a>\n\t\t\t\t<\/h2>  \n\t\t\t\t<div class=\"ratings\"><\/div>\n\t\t\t\t \n\t\t\t\t<div class=\"price-box\"><span class=\"special-price\"><span class=\"woocommerce-Price-amount amount\"><bdi>1 750,00<span class=\"woocommerce-Price-currencySymbol\">&euro;<\/span><\/bdi><\/span><\/span><\/div>\n\t\t\t\t<div class=\"product-desc\"><p>Technique: posca<\/p>\n<p>Support: Bensimon trainers size 6<\/p>\n<p>Dimensions : 10.62 * 3.54 in<\/p>\n<p>Year : 2015<\/p>\n<p>Unframed<\/p>\n<p>Signed in the composition<\/p>\n<p>Proposed by Ybackgalerie &#8211; Paris &#8211; France<\/p>\n<p>Delivery: one to two weeks<\/p>\n<p><a href=\"https:\/\/artree.fr\/en\/jonone\/\" rel=\"noopener\">Biography<\/a><\/p>\n<p>&nbsp;<\/p>\n<\/div>\n\t\t\t\t<div class=\"count-down\">\n\t\t\t\t\t\t\t\t\t\t\t\t\t\t<\/div> \n\t\t\t\t<div class=\"actions clearfix\"> \n\t\t\t\t\t<ul class=\"add-to-links\">  \n\t\t\t\t\t\t<li class=\"add-to-cart\">\n\t\t\t\t\t\t\t<p class=\"product woocommerce add_to_cart_inline \" style=\"border:4px solid #ccc; padding: 12px;\"><span class=\"special-price\"><span class=\"woocommerce-Price-amount amount\"><bdi>1 750,00<span class=\"woocommerce-Price-currencySymbol\">&euro;<\/span><\/bdi><\/span><\/span><a href=\"\/en\/wp-json\/wp\/v2\/pages\/21057?add-to-cart=21041\" aria-describedby=\"woocommerce_loop_add_to_cart_link_describedby_21041\" data-quantity=\"1\" class=\"button product_type_simple add_to_cart_button ajax_add_to_cart\" data-product_id=\"21041\" data-product_sku=\"\" aria-label=\"Add to cart: &ldquo;JonOne - Baskets Customis\u00e9es - 2015&rdquo;\" rel=\"nofollow\" data-success_message=\"&ldquo;JonOne - Baskets Customis\u00e9es - 2015&rdquo; has been added to your cart\">Add to cart<\/a>\t<span id=\"woocommerce_loop_add_to_cart_link_describedby_21041\" class=\"screen-reader-text\">\n\t\t\t<\/span>\n<\/p>\t\t\t\t\t\t<\/li> \n\t\t\t\t\t\t<li> \n\t\t\t\t\t\t\t\n<div\n\tclass=\"yith-wcwl-add-to-wishlist add-to-wishlist-21041 yith-wcwl-add-to-wishlist--link-style wishlist-fragment on-first-load\"\n\tdata-fragment-ref=\"21041\"\n\tdata-fragment-options=\"{&quot;base_url&quot;:&quot;&quot;,&quot;product_id&quot;:21041,&quot;parent_product_id&quot;:0,&quot;product_type&quot;:&quot;simple&quot;,&quot;is_single&quot;:false,&quot;in_default_wishlist&quot;:false,&quot;show_view&quot;:false,&quot;browse_wishlist_text&quot;:&quot;Parcourir la wishlist&quot;,&quot;already_in_wishslist_text&quot;:&quot;Ce produit est dans votre wishlist&quot;,&quot;product_added_text&quot;:&quot;Produit ajout\\u00e9 !&quot;,&quot;available_multi_wishlist&quot;:false,&quot;disable_wishlist&quot;:false,&quot;show_count&quot;:false,&quot;ajax_loading&quot;:false,&quot;loop_position&quot;:false,&quot;item&quot;:&quot;add_to_wishlist&quot;}\"\n>\n\t\t\t\n\t\t\t<!-- ADD TO WISHLIST -->\n\t\t\t\n<div class=\"yith-wcwl-add-button\">\n\t\t<a\n\t\thref=\"?add_to_wishlist=21041&#038;_wpnonce=49603797f0\"\n\t\tclass=\"add_to_wishlist single_add_to_wishlist\"\n\t\tdata-product-id=\"21041\"\n\t\tdata-product-type=\"simple\"\n\t\tdata-original-product-id=\"0\"\n\t\tdata-title=\"Ajouter \u00e0 la wishlist\"\n\t\trel=\"nofollow\"\n\t>\n\t\t<svg id=\"yith-wcwl-icon-heart-outline\" class=\"yith-wcwl-icon-svg\" fill=\"none\" stroke-width=\"1.5\" stroke=\"currentColor\" viewBox=\"0 0 24 24\" xmlns=\"http:\/\/www.w3.org\/2000\/svg\">\n  <path stroke-linecap=\"round\" stroke-linejoin=\"round\" d=\"M21 8.25c0-2.485-2.099-4.5-4.688-4.5-1.935 0-3.597 1.126-4.312 2.733-.715-1.607-2.377-2.733-4.313-2.733C5.1 3.75 3 5.765 3 8.25c0 7.22 9 12 9 12s9-4.78 9-12Z\"><\/path>\n<\/svg>\t\t<span>Ajouter \u00e0 la wishlist<\/span>\n\t<\/a>\n<\/div>\n\n\t\t\t<!-- COUNT TEXT -->\n\t\t\t\n\t\t\t<\/div>\n\t\t\t\t\t\t<\/li>\n\t\t\t\t\t\t<li>\n\t\t\t\t\t\t\t\t<div class=\"woocommerce product compare-button\">\r\n\t\t\t<a\r\n\t\thref=\"https:\/\/artree.fr?action=yith-woocompare-add-product&#038;id=21041\"\r\n\t\tclass=\"compare button  \"\r\n\t\tdata-product_id=\"21041\"\r\n\t\ttarget=\"_self\"\r\n\t\trel=\"nofollow\"\r\n\t>\r\n\t\t\t\t<span class=\"label\">\r\n\t\t\tComparer\t\t<\/span>\r\n\t<\/a>\r\n\r\n\t<\/div>\t\t\t\t\t\t<\/li> \n\t\t\t\t\t<\/ul>\n\t\t\t\t<\/div>\n\n\t\t\t<\/div>\n\t\t<\/div>\n\t\t<div class=\"clearfix\"><\/div>\n\t\t\n\t<\/div>\n<\/div>\n<\/div><\/div><\/div>[\/vc_column][\/vc_row]\n<\/div>","protected":false},"excerpt":{"rendered":"<p>[vc_row][vc_column][vc_column_text] BIOGRAPHY &nbsp; JonOne, whose real name is John Andrew Perello, is also known by the pseudonym Jon156. He is an American<\/p>\n","protected":false},"author":6,"featured_media":0,"parent":0,"menu_order":0,"comment_status":"closed","ping_status":"closed","template":"","meta":{"footnotes":""},"class_list":["post-21057","page","type-page","status-publish","hentry"],"yoast_head":"<!-- This site is optimized with the Yoast SEO plugin v27.5 - https:\/\/yoast.com\/product\/yoast-seo-wordpress\/ -->\n<title>Artist&#039;s biography JonOne and its works - ARTree<\/title>\n<meta name=\"description\" content=\"Find our selection of JonOne&#039;s works on ARTree and the best of Contemporary Art: paintings, sculptures, drawings, photos, etc.\" \/>\n<meta name=\"robots\" content=\"index, follow, max-snippet:-1, max-image-preview:large, max-video-preview:-1\" \/>\n<link rel=\"canonical\" href=\"https:\/\/artree.fr\/en\/jonone\/\" \/>\n<meta property=\"og:locale\" content=\"en_US\" \/>\n<meta property=\"og:type\" content=\"article\" \/>\n<meta property=\"og:title\" content=\"Artist&#039;s biography JonOne and its works - ARTree\" \/>\n<meta property=\"og:description\" content=\"Find our selection of JonOne&#039;s works on ARTree and the best of Contemporary Art: paintings, sculptures, drawings, photos, etc.\" \/>\n<meta property=\"og:url\" content=\"https:\/\/artree.fr\/en\/jonone\/\" \/>\n<meta property=\"og:site_name\" content=\"ARTree\" \/>\n<meta property=\"article:publisher\" content=\"https:\/\/www.facebook.com\/ARTree-333030043945477\/?view_public_for=333030043945477\" \/>\n<meta property=\"article:modified_time\" content=\"2024-01-31T07:56:28+00:00\" \/>\n<meta name=\"twitter:card\" content=\"summary_large_image\" \/>\n<meta name=\"twitter:label1\" content=\"Est. reading time\" \/>\n\t<meta name=\"twitter:data1\" content=\"2 minutes\" \/>\n<script type=\"application\/ld+json\" class=\"yoast-schema-graph\">{\"@context\":\"https:\\\/\\\/schema.org\",\"@graph\":[{\"@type\":\"WebPage\",\"@id\":\"https:\\\/\\\/artree.fr\\\/en\\\/jonone\\\/\",\"url\":\"https:\\\/\\\/artree.fr\\\/en\\\/jonone\\\/\",\"name\":\"Artist's biography JonOne and its works - ARTree\",\"isPartOf\":{\"@id\":\"https:\\\/\\\/artree.fr\\\/en\\\/#website\"},\"datePublished\":\"2023-06-08T09:27:58+00:00\",\"dateModified\":\"2024-01-31T07:56:28+00:00\",\"description\":\"Find our selection of JonOne's works on ARTree and the best of Contemporary Art: paintings, sculptures, drawings, photos, etc.\",\"breadcrumb\":{\"@id\":\"https:\\\/\\\/artree.fr\\\/en\\\/jonone\\\/#breadcrumb\"},\"inLanguage\":\"en-US\",\"potentialAction\":[{\"@type\":\"ReadAction\",\"target\":[\"https:\\\/\\\/artree.fr\\\/en\\\/jonone\\\/\"]}]},{\"@type\":\"BreadcrumbList\",\"@id\":\"https:\\\/\\\/artree.fr\\\/en\\\/jonone\\\/#breadcrumb\",\"itemListElement\":[{\"@type\":\"ListItem\",\"position\":1,\"name\":\"Accueil\",\"item\":\"https:\\\/\\\/artree.fr\\\/en\\\/\"},{\"@type\":\"ListItem\",\"position\":2,\"name\":\"JonOne\"}]},{\"@type\":\"WebSite\",\"@id\":\"https:\\\/\\\/artree.fr\\\/en\\\/#website\",\"url\":\"https:\\\/\\\/artree.fr\\\/en\\\/\",\"name\":\"ARTree\",\"description\":\"L&#039;ART contemporain en un clic\",\"publisher\":{\"@id\":\"https:\\\/\\\/artree.fr\\\/en\\\/#organization\"},\"potentialAction\":[{\"@type\":\"SearchAction\",\"target\":{\"@type\":\"EntryPoint\",\"urlTemplate\":\"https:\\\/\\\/artree.fr\\\/en\\\/?s={search_term_string}\"},\"query-input\":{\"@type\":\"PropertyValueSpecification\",\"valueRequired\":true,\"valueName\":\"search_term_string\"}}],\"inLanguage\":\"en-US\"},{\"@type\":\"Organization\",\"@id\":\"https:\\\/\\\/artree.fr\\\/en\\\/#organization\",\"name\":\"ARTree\",\"url\":\"https:\\\/\\\/artree.fr\\\/en\\\/\",\"logo\":{\"@type\":\"ImageObject\",\"inLanguage\":\"en-US\",\"@id\":\"https:\\\/\\\/artree.fr\\\/en\\\/#\\\/schema\\\/logo\\\/image\\\/\",\"url\":\"https:\\\/\\\/artree.fr\\\/wp-content\\\/uploads\\\/2020\\\/12\\\/favicon-artree.jpg\",\"contentUrl\":\"https:\\\/\\\/artree.fr\\\/wp-content\\\/uploads\\\/2020\\\/12\\\/favicon-artree.jpg\",\"width\":349,\"height\":349,\"caption\":\"ARTree\"},\"image\":{\"@id\":\"https:\\\/\\\/artree.fr\\\/en\\\/#\\\/schema\\\/logo\\\/image\\\/\"},\"sameAs\":[\"https:\\\/\\\/www.facebook.com\\\/ARTree-333030043945477\\\/?view_public_for=333030043945477\",\"https:\\\/\\\/www.instagram.com\\\/artree.fr\",\"https:\\\/\\\/www.linkedin.com\\\/company\\\/artree-fr\\\/\",\"https:\\\/\\\/www.pinterest.fr\\\/artreefr\\\/\",\"https:\\\/\\\/www.youtube.com\\\/channel\\\/UC5dXFDYfbMMpDlkXp_yOuuw\",\"https:\\\/\\\/twitter.com\\\/ARTree15\"]}]}<\/script>\n<!-- \/ Yoast SEO plugin. -->","yoast_head_json":{"title":"Artist's biography JonOne and its works - ARTree","description":"Find our selection of JonOne's works on ARTree and the best of Contemporary Art: paintings, sculptures, drawings, photos, etc.","robots":{"index":"index","follow":"follow","max-snippet":"max-snippet:-1","max-image-preview":"max-image-preview:large","max-video-preview":"max-video-preview:-1"},"canonical":"https:\/\/artree.fr\/en\/jonone\/","og_locale":"en_US","og_type":"article","og_title":"Artist's biography JonOne and its works - ARTree","og_description":"Find our selection of JonOne's works on ARTree and the best of Contemporary Art: paintings, sculptures, drawings, photos, etc.","og_url":"https:\/\/artree.fr\/en\/jonone\/","og_site_name":"ARTree","article_publisher":"https:\/\/www.facebook.com\/ARTree-333030043945477\/?view_public_for=333030043945477","article_modified_time":"2024-01-31T07:56:28+00:00","twitter_card":"summary_large_image","twitter_misc":{"Est. reading time":"2 minutes"},"schema":{"@context":"https:\/\/schema.org","@graph":[{"@type":"WebPage","@id":"https:\/\/artree.fr\/en\/jonone\/","url":"https:\/\/artree.fr\/en\/jonone\/","name":"Artist's biography JonOne and its works - ARTree","isPartOf":{"@id":"https:\/\/artree.fr\/en\/#website"},"datePublished":"2023-06-08T09:27:58+00:00","dateModified":"2024-01-31T07:56:28+00:00","description":"Find our selection of JonOne's works on ARTree and the best of Contemporary Art: paintings, sculptures, drawings, photos, etc.","breadcrumb":{"@id":"https:\/\/artree.fr\/en\/jonone\/#breadcrumb"},"inLanguage":"en-US","potentialAction":[{"@type":"ReadAction","target":["https:\/\/artree.fr\/en\/jonone\/"]}]},{"@type":"BreadcrumbList","@id":"https:\/\/artree.fr\/en\/jonone\/#breadcrumb","itemListElement":[{"@type":"ListItem","position":1,"name":"Accueil","item":"https:\/\/artree.fr\/en\/"},{"@type":"ListItem","position":2,"name":"JonOne"}]},{"@type":"WebSite","@id":"https:\/\/artree.fr\/en\/#website","url":"https:\/\/artree.fr\/en\/","name":"ARTree","description":"L&#039;ART contemporain en un clic","publisher":{"@id":"https:\/\/artree.fr\/en\/#organization"},"potentialAction":[{"@type":"SearchAction","target":{"@type":"EntryPoint","urlTemplate":"https:\/\/artree.fr\/en\/?s={search_term_string}"},"query-input":{"@type":"PropertyValueSpecification","valueRequired":true,"valueName":"search_term_string"}}],"inLanguage":"en-US"},{"@type":"Organization","@id":"https:\/\/artree.fr\/en\/#organization","name":"ARTree","url":"https:\/\/artree.fr\/en\/","logo":{"@type":"ImageObject","inLanguage":"en-US","@id":"https:\/\/artree.fr\/en\/#\/schema\/logo\/image\/","url":"https:\/\/artree.fr\/wp-content\/uploads\/2020\/12\/favicon-artree.jpg","contentUrl":"https:\/\/artree.fr\/wp-content\/uploads\/2020\/12\/favicon-artree.jpg","width":349,"height":349,"caption":"ARTree"},"image":{"@id":"https:\/\/artree.fr\/en\/#\/schema\/logo\/image\/"},"sameAs":["https:\/\/www.facebook.com\/ARTree-333030043945477\/?view_public_for=333030043945477","https:\/\/www.instagram.com\/artree.fr","https:\/\/www.linkedin.com\/company\/artree-fr\/","https:\/\/www.pinterest.fr\/artreefr\/","https:\/\/www.youtube.com\/channel\/UC5dXFDYfbMMpDlkXp_yOuuw","https:\/\/twitter.com\/ARTree15"]}]}},"_links":{"self":[{"href":"https:\/\/artree.fr\/en\/wp-json\/wp\/v2\/pages\/21057","targetHints":{"allow":["GET"]}}],"collection":[{"href":"https:\/\/artree.fr\/en\/wp-json\/wp\/v2\/pages"}],"about":[{"href":"https:\/\/artree.fr\/en\/wp-json\/wp\/v2\/types\/page"}],"author":[{"embeddable":true,"href":"https:\/\/artree.fr\/en\/wp-json\/wp\/v2\/users\/6"}],"replies":[{"embeddable":true,"href":"https:\/\/artree.fr\/en\/wp-json\/wp\/v2\/comments?post=21057"}],"version-history":[{"count":0,"href":"https:\/\/artree.fr\/en\/wp-json\/wp\/v2\/pages\/21057\/revisions"}],"wp:attachment":[{"href":"https:\/\/artree.fr\/en\/wp-json\/wp\/v2\/media?parent=21057"}],"curies":[{"name":"wp","href":"https:\/\/api.w.org\/{rel}","templated":true}]}}